{"id":418,"date":"2026-02-16T12:05:42","date_gmt":"2026-02-16T12:05:42","guid":{"rendered":"https:\/\/spanishdreamproperties.com\/?page_id=418"},"modified":"2026-02-17T10:04:48","modified_gmt":"2026-02-17T10:04:48","slug":"obra-nueva","status":"publish","type":"page","link":"https:\/\/spanishdreamproperties.com\/es\/obra-nueva\/","title":{"rendered":"Obra nueva"},"content":{"rendered":"\t\t<div data-elementor-type=\"wp-page\" data-elementor-id=\"418\" class=\"elementor elementor-418\" data-elementor-post-type=\"page\">\n\t\t\t\t\t\t<section class=\"elementor-section elementor-top-section elementor-element elementor-element-46610bde elementor-section-boxed elementor-section-height-default elementor-section-height-default\" data-id=\"46610bde\" data-element_type=\"section\" data-e-type=\"section\" data-settings=\"{&quot;background_background&quot;:&quot;classic&quot;}\">\n\t\t\t\t\t\t\t<div class=\"elementor-background-overlay\"><\/div>\n\t\t\t\t\t\t\t<div class=\"elementor-container elementor-column-gap-default\">\n\t\t\t\t\t<div class=\"elementor-column elementor-col-100 elementor-top-column elementor-element elementor-element-e4482a5\" data-id=\"e4482a5\" data-element_type=\"column\" data-e-type=\"column\">\n\t\t\t<div class=\"elementor-widget-wrap elementor-element-populated\">\n\t\t\t\t\t\t<div class=\"elementor-element elementor-element-7e4949e1 elementor-icon-list--layout-inline elementor-align-center elementor-list-item-link-full_width elementor-widget elementor-widget-icon-list\" data-id=\"7e4949e1\" data-element_type=\"widget\" data-e-type=\"widget\" data-widget_type=\"icon-list.default\">\n\t\t\t\t<div class=\"elementor-widget-container\">\n\t\t\t\t\t\t\t<ul class=\"elementor-icon-list-items elementor-inline-items\">\n\t\t\t\t\t\t\t<li class=\"elementor-icon-list-item elementor-inline-item\">\n\t\t\t\t\t\t\t\t\t\t\t<a href=\"https:\/\/spanishdreamproperties.com\/inicio\">\n\n\t\t\t\t\t\t\t\t\t\t\t<span class=\"elementor-icon-list-text\">INICIO<\/span>\n\t\t\t\t\t\t\t\t\t\t\t<\/a>\n\t\t\t\t\t\t\t\t\t<\/li>\n\t\t\t\t\t\t\t\t<li class=\"elementor-icon-list-item elementor-inline-item\">\n\t\t\t\t\t\t\t\t\t\t\t<a href=\"https:\/\/spanishdreamproperties.com\/obra-nueva\">\n\n\t\t\t\t\t\t\t\t\t\t\t\t<span class=\"elementor-icon-list-icon\">\n\t\t\t\t\t\t\t<svg aria-hidden=\"true\" class=\"e-font-icon-svg e-fas-caret-right\" viewBox=\"0 0 192 512\" xmlns=\"http:\/\/www.w3.org\/2000\/svg\"><path d=\"M0 384.662V127.338c0-17.818 21.543-26.741 34.142-14.142l128.662 128.662c7.81 7.81 7.81 20.474 0 28.284L34.142 398.804C21.543 411.404 0 402.48 0 384.662z\"><\/path><\/svg>\t\t\t\t\t\t<\/span>\n\t\t\t\t\t\t\t\t\t\t<span class=\"elementor-icon-list-text\">obra nueva<\/span>\n\t\t\t\t\t\t\t\t\t\t\t<\/a>\n\t\t\t\t\t\t\t\t\t<\/li>\n\t\t\t\t\t\t<\/ul>\n\t\t\t\t\t\t<\/div>\n\t\t\t\t<\/div>\n\t\t\t\t<div class=\"elementor-element elementor-element-cee586a elementor-widget elementor-widget-heading\" data-id=\"cee586a\" data-element_type=\"widget\" data-e-type=\"widget\" data-widget_type=\"heading.default\">\n\t\t\t\t<div class=\"elementor-widget-container\">\n\t\t\t\t\t<h1 class=\"elementor-heading-title elementor-size-default\">obra nueva<\/h1>\t\t\t\t<\/div>\n\t\t\t\t<\/div>\n\t\t\t\t\t<\/div>\n\t\t<\/div>\n\t\t\t\t\t<\/div>\n\t\t<\/section>\n\t\t\t\t<section class=\"elementor-section elementor-top-section elementor-element elementor-element-41185c2 elementor-section-boxed elementor-section-height-default elementor-section-height-default\" data-id=\"41185c2\" data-element_type=\"section\" data-e-type=\"section\">\n\t\t\t\t\t\t<div class=\"elementor-container elementor-column-gap-default\">\n\t\t\t\t\t<div class=\"elementor-column elementor-col-100 elementor-top-column elementor-element elementor-element-c3510a9\" data-id=\"c3510a9\" data-element_type=\"column\" data-e-type=\"column\">\n\t\t\t<div class=\"elementor-widget-wrap elementor-element-populated\">\n\t\t\t\t\t\t<div class=\"elementor-element elementor-element-7f65a7a elementor-posts--align-center elementor-grid-3 elementor-grid-tablet-2 elementor-grid-mobile-1 elementor-posts--thumbnail-top elementor-card-shadow-yes elementor-posts__hover-gradient elementor-widget elementor-widget-posts\" data-id=\"7f65a7a\" data-element_type=\"widget\" data-e-type=\"widget\" data-settings=\"{&quot;pagination_type&quot;:&quot;prev_next&quot;,&quot;cards_columns&quot;:&quot;3&quot;,&quot;cards_columns_tablet&quot;:&quot;2&quot;,&quot;cards_columns_mobile&quot;:&quot;1&quot;,&quot;cards_row_gap&quot;:{&quot;unit&quot;:&quot;px&quot;,&quot;size&quot;:35,&quot;sizes&quot;:[]},&quot;cards_row_gap_widescreen&quot;:{&quot;unit&quot;:&quot;px&quot;,&quot;size&quot;:&quot;&quot;,&quot;sizes&quot;:[]},&quot;cards_row_gap_laptop&quot;:{&quot;unit&quot;:&quot;px&quot;,&quot;size&quot;:&quot;&quot;,&quot;sizes&quot;:[]},&quot;cards_row_gap_tablet_extra&quot;:{&quot;unit&quot;:&quot;px&quot;,&quot;size&quot;:&quot;&quot;,&quot;sizes&quot;:[]},&quot;cards_row_gap_tablet&quot;:{&quot;unit&quot;:&quot;px&quot;,&quot;size&quot;:&quot;&quot;,&quot;sizes&quot;:[]},&quot;cards_row_gap_mobile_extra&quot;:{&quot;unit&quot;:&quot;px&quot;,&quot;size&quot;:&quot;&quot;,&quot;sizes&quot;:[]},&quot;cards_row_gap_mobile&quot;:{&quot;unit&quot;:&quot;px&quot;,&quot;size&quot;:&quot;&quot;,&quot;sizes&quot;:[]}}\" data-widget_type=\"posts.cards\">\n\t\t\t\t<div class=\"elementor-widget-container\">\n\t\t\t\t\t\t\t<div class=\"elementor-posts-container elementor-posts elementor-posts--skin-cards elementor-grid\" role=\"list\">\n\t\t\t\t<article class=\"elementor-post elementor-grid-item post-914 post type-post status-publish format-standard has-post-thumbnail hentry category-apartamento category-obra-nueva\" role=\"listitem\">\n\t\t\t<div class=\"elementor-post__card\">\n\t\t\t\t<a class=\"elementor-post__thumbnail__link\" href=\"https:\/\/spanishdreamproperties.com\/es\/apartamentos-de-obra-nueva-en-san-miguel-de-salinas\/\" tabindex=\"-1\" ><div class=\"elementor-post__thumbnail\"><img fetchpriority=\"high\" decoding=\"async\" width=\"1000\" height=\"563\" src=\"https:\/\/spanishdreamproperties.com\/wp-content\/uploads\/2026\/03\/Obra-nueva-en-San-Miguel14.jpg\" class=\"attachment-full size-full wp-image-928\" alt=\"Obra nueva en San Miguel\" srcset=\"https:\/\/spanishdreamproperties.com\/wp-content\/uploads\/2026\/03\/Obra-nueva-en-San-Miguel14.jpg 1000w, https:\/\/spanishdreamproperties.com\/wp-content\/uploads\/2026\/03\/Obra-nueva-en-San-Miguel14-300x169.jpg 300w, https:\/\/spanishdreamproperties.com\/wp-content\/uploads\/2026\/03\/Obra-nueva-en-San-Miguel14-768x432.jpg 768w, https:\/\/spanishdreamproperties.com\/wp-content\/uploads\/2026\/03\/Obra-nueva-en-San-Miguel14-18x10.jpg 18w\" sizes=\"(max-width: 1000px) 100vw, 1000px\" \/><\/div><\/a>\n\t\t\t\t<div class=\"elementor-post__badge\">Apartamento<\/div>\n\t\t\t\t<div class=\"elementor-post__text\">\n\t\t\t\t<h3 class=\"elementor-post__title\">\n\t\t\t<a href=\"https:\/\/spanishdreamproperties.com\/es\/apartamentos-de-obra-nueva-en-san-miguel-de-salinas\/\" >\n\t\t\t\tApartamentos de obra nueva en San Miguel de Salinas\t\t\t<\/a>\n\t\t<\/h3>\n\t\t\t\t<div class=\"elementor-post__excerpt\">\n\t\t\t<p>125.000\u20ac<\/p>\n\t\t<\/div>\n\t\t\t\t<\/div>\n\t\t\t\t\t<\/div>\n\t\t<\/article>\n\t\t\t\t<article class=\"elementor-post elementor-grid-item post-840 post type-post status-publish format-standard has-post-thumbnail hentry category-apartamento category-obra-nueva\" role=\"listitem\">\n\t\t\t<div class=\"elementor-post__card\">\n\t\t\t\t<a class=\"elementor-post__thumbnail__link\" href=\"https:\/\/spanishdreamproperties.com\/es\/viviendas-adosadas-de-obra-nueva-en-pilar-de-la-horadada\/\" tabindex=\"-1\" ><div class=\"elementor-post__thumbnail\"><img decoding=\"async\" width=\"1000\" height=\"520\" src=\"https:\/\/spanishdreamproperties.com\/wp-content\/uploads\/2026\/03\/Apartamentos-de-obra-nueva-en-Pilar-de-la-Horadada6-1.png\" class=\"attachment-full size-full wp-image-867\" alt=\"Apartamentos de obra nueva en Pilar de la Horadada\" srcset=\"https:\/\/spanishdreamproperties.com\/wp-content\/uploads\/2026\/03\/Apartamentos-de-obra-nueva-en-Pilar-de-la-Horadada6-1.png 1000w, https:\/\/spanishdreamproperties.com\/wp-content\/uploads\/2026\/03\/Apartamentos-de-obra-nueva-en-Pilar-de-la-Horadada6-1-300x156.png 300w, https:\/\/spanishdreamproperties.com\/wp-content\/uploads\/2026\/03\/Apartamentos-de-obra-nueva-en-Pilar-de-la-Horadada6-1-768x399.png 768w, https:\/\/spanishdreamproperties.com\/wp-content\/uploads\/2026\/03\/Apartamentos-de-obra-nueva-en-Pilar-de-la-Horadada6-1-18x9.png 18w\" sizes=\"(max-width: 1000px) 100vw, 1000px\" \/><\/div><\/a>\n\t\t\t\t<div class=\"elementor-post__badge\">Apartamento<\/div>\n\t\t\t\t<div class=\"elementor-post__text\">\n\t\t\t\t<h3 class=\"elementor-post__title\">\n\t\t\t<a href=\"https:\/\/spanishdreamproperties.com\/es\/viviendas-adosadas-de-obra-nueva-en-pilar-de-la-horadada\/\" >\n\t\t\t\tViviendas adosadas de obra nueva en Pilar de la Horadada\t\t\t<\/a>\n\t\t<\/h3>\n\t\t\t\t<div class=\"elementor-post__excerpt\">\n\t\t\t<p>285.500\u20ac<\/p>\n\t\t<\/div>\n\t\t\t\t<\/div>\n\t\t\t\t\t<\/div>\n\t\t<\/article>\n\t\t\t\t<article class=\"elementor-post elementor-grid-item post-792 post type-post status-publish format-standard has-post-thumbnail hentry category-apartamento category-obra-nueva\" role=\"listitem\">\n\t\t\t<div class=\"elementor-post__card\">\n\t\t\t\t<a class=\"elementor-post__thumbnail__link\" href=\"https:\/\/spanishdreamproperties.com\/es\/apartamentos-de-obra-nueva-con-piscina-privada-en-pilar-de-la-horadada\/\" tabindex=\"-1\" ><div class=\"elementor-post__thumbnail\"><img decoding=\"async\" width=\"2500\" height=\"2000\" src=\"https:\/\/spanishdreamproperties.com\/wp-content\/uploads\/2026\/03\/Apartamentos-de-obra-nueva-en-Pilar-de-la-Horadada2-1.jpg\" class=\"attachment-full size-full wp-image-831\" alt=\"Apartamentos de obra nueva en Pilar de la Horadada\" srcset=\"https:\/\/spanishdreamproperties.com\/wp-content\/uploads\/2026\/03\/Apartamentos-de-obra-nueva-en-Pilar-de-la-Horadada2-1.jpg 2500w, https:\/\/spanishdreamproperties.com\/wp-content\/uploads\/2026\/03\/Apartamentos-de-obra-nueva-en-Pilar-de-la-Horadada2-1-300x240.jpg 300w, https:\/\/spanishdreamproperties.com\/wp-content\/uploads\/2026\/03\/Apartamentos-de-obra-nueva-en-Pilar-de-la-Horadada2-1-1024x819.jpg 1024w, https:\/\/spanishdreamproperties.com\/wp-content\/uploads\/2026\/03\/Apartamentos-de-obra-nueva-en-Pilar-de-la-Horadada2-1-768x614.jpg 768w, https:\/\/spanishdreamproperties.com\/wp-content\/uploads\/2026\/03\/Apartamentos-de-obra-nueva-en-Pilar-de-la-Horadada2-1-1536x1229.jpg 1536w, https:\/\/spanishdreamproperties.com\/wp-content\/uploads\/2026\/03\/Apartamentos-de-obra-nueva-en-Pilar-de-la-Horadada2-1-2048x1638.jpg 2048w, https:\/\/spanishdreamproperties.com\/wp-content\/uploads\/2026\/03\/Apartamentos-de-obra-nueva-en-Pilar-de-la-Horadada2-1-15x12.jpg 15w\" sizes=\"(max-width: 2500px) 100vw, 2500px\" \/><\/div><\/a>\n\t\t\t\t<div class=\"elementor-post__badge\">Apartamento<\/div>\n\t\t\t\t<div class=\"elementor-post__text\">\n\t\t\t\t<h3 class=\"elementor-post__title\">\n\t\t\t<a href=\"https:\/\/spanishdreamproperties.com\/es\/apartamentos-de-obra-nueva-con-piscina-privada-en-pilar-de-la-horadada\/\" >\n\t\t\t\tApartamentos de obra nueva con piscina privada en Pilar de la Horadada\t\t\t<\/a>\n\t\t<\/h3>\n\t\t\t\t<div class=\"elementor-post__excerpt\">\n\t\t\t<p>299.900 \u20ac<\/p>\n\t\t<\/div>\n\t\t\t\t<\/div>\n\t\t\t\t\t<\/div>\n\t\t<\/article>\n\t\t\t\t<article class=\"elementor-post elementor-grid-item post-726 post type-post status-publish format-standard has-post-thumbnail hentry category-apartamento category-obra-nueva\" role=\"listitem\">\n\t\t\t<div class=\"elementor-post__card\">\n\t\t\t\t<a class=\"elementor-post__thumbnail__link\" href=\"https:\/\/spanishdreamproperties.com\/es\/apartamentos-de-obra-nueva-en-torrevieja\/\" tabindex=\"-1\" ><div class=\"elementor-post__thumbnail\"><img loading=\"lazy\" decoding=\"async\" width=\"1000\" height=\"1325\" src=\"https:\/\/spanishdreamproperties.com\/wp-content\/uploads\/2026\/03\/Novostavby-Torrevieja-.jpg\" class=\"attachment-full size-full wp-image-727\" alt=\"Apartamentos de obra nueva en Torrevieja\" srcset=\"https:\/\/spanishdreamproperties.com\/wp-content\/uploads\/2026\/03\/Novostavby-Torrevieja-.jpg 1000w, https:\/\/spanishdreamproperties.com\/wp-content\/uploads\/2026\/03\/Novostavby-Torrevieja--226x300.jpg 226w, https:\/\/spanishdreamproperties.com\/wp-content\/uploads\/2026\/03\/Novostavby-Torrevieja--773x1024.jpg 773w, https:\/\/spanishdreamproperties.com\/wp-content\/uploads\/2026\/03\/Novostavby-Torrevieja--768x1018.jpg 768w, https:\/\/spanishdreamproperties.com\/wp-content\/uploads\/2026\/03\/Novostavby-Torrevieja--9x12.jpg 9w\" sizes=\"(max-width: 1000px) 100vw, 1000px\" \/><\/div><\/a>\n\t\t\t\t<div class=\"elementor-post__badge\">Apartamento<\/div>\n\t\t\t\t<div class=\"elementor-post__text\">\n\t\t\t\t<h3 class=\"elementor-post__title\">\n\t\t\t<a href=\"https:\/\/spanishdreamproperties.com\/es\/apartamentos-de-obra-nueva-en-torrevieja\/\" >\n\t\t\t\tApartamentos de obra nueva en Torrevieja\t\t\t<\/a>\n\t\t<\/h3>\n\t\t\t\t<div class=\"elementor-post__excerpt\">\n\t\t\t<p>219.000 \u20ac<\/p>\n\t\t<\/div>\n\t\t\t\t<\/div>\n\t\t\t\t\t<\/div>\n\t\t<\/article>\n\t\t\t\t<article class=\"elementor-post elementor-grid-item post-423 post type-post status-publish format-standard has-post-thumbnail hentry category-obra-nueva\" role=\"listitem\">\n\t\t\t<div class=\"elementor-post__card\">\n\t\t\t\t<a class=\"elementor-post__thumbnail__link\" href=\"https:\/\/spanishdreamproperties.com\/es\/obra-nueva-alicante\/\" tabindex=\"-1\" ><div class=\"elementor-post__thumbnail\"><img loading=\"lazy\" decoding=\"async\" width=\"1000\" height=\"879\" src=\"https:\/\/spanishdreamproperties.com\/wp-content\/uploads\/2026\/02\/Obra-nueva-Alicante-cocina2.jpg\" class=\"attachment-full size-full wp-image-493\" alt=\"Obra nueva Alicante cocina\" srcset=\"https:\/\/spanishdreamproperties.com\/wp-content\/uploads\/2026\/02\/Obra-nueva-Alicante-cocina2.jpg 1000w, https:\/\/spanishdreamproperties.com\/wp-content\/uploads\/2026\/02\/Obra-nueva-Alicante-cocina2-300x264.jpg 300w, https:\/\/spanishdreamproperties.com\/wp-content\/uploads\/2026\/02\/Obra-nueva-Alicante-cocina2-768x675.jpg 768w, https:\/\/spanishdreamproperties.com\/wp-content\/uploads\/2026\/02\/Obra-nueva-Alicante-cocina2-14x12.jpg 14w\" sizes=\"(max-width: 1000px) 100vw, 1000px\" \/><\/div><\/a>\n\t\t\t\t<div class=\"elementor-post__badge\">Obra nueva<\/div>\n\t\t\t\t<div class=\"elementor-post__text\">\n\t\t\t\t<h3 class=\"elementor-post__title\">\n\t\t\t<a href=\"https:\/\/spanishdreamproperties.com\/es\/obra-nueva-alicante\/\" >\n\t\t\t\tApartamentos de obra nueva en Alicante\t\t\t<\/a>\n\t\t<\/h3>\n\t\t\t\t<div class=\"elementor-post__excerpt\">\n\t\t\t<p>234,900\u20ac<\/p>\n\t\t<\/div>\n\t\t\t\t<\/div>\n\t\t\t\t\t<\/div>\n\t\t<\/article>\n\t\t\t\t<article class=\"elementor-post elementor-grid-item post-415 post type-post status-publish format-standard has-post-thumbnail hentry category-obra-nueva\" role=\"listitem\">\n\t\t\t<div class=\"elementor-post__card\">\n\t\t\t\t<a class=\"elementor-post__thumbnail__link\" href=\"https:\/\/spanishdreamproperties.com\/es\/obra-nueva-torrevieja\/\" tabindex=\"-1\" ><div class=\"elementor-post__thumbnail\"><img loading=\"lazy\" decoding=\"async\" width=\"1400\" height=\"933\" src=\"https:\/\/spanishdreamproperties.com\/wp-content\/uploads\/2026\/02\/penthouse-view.png\" class=\"attachment-full size-full wp-image-599\" alt=\"Obra nueva Torrevieja Urbanizaci\u00f3n\" srcset=\"https:\/\/spanishdreamproperties.com\/wp-content\/uploads\/2026\/02\/penthouse-view.png 1400w, https:\/\/spanishdreamproperties.com\/wp-content\/uploads\/2026\/02\/penthouse-view-300x200.png 300w, https:\/\/spanishdreamproperties.com\/wp-content\/uploads\/2026\/02\/penthouse-view-1024x682.png 1024w, https:\/\/spanishdreamproperties.com\/wp-content\/uploads\/2026\/02\/penthouse-view-768x512.png 768w, https:\/\/spanishdreamproperties.com\/wp-content\/uploads\/2026\/02\/penthouse-view-18x12.png 18w, https:\/\/spanishdreamproperties.com\/wp-content\/uploads\/2026\/02\/penthouse-view-930x620.png 930w\" sizes=\"(max-width: 1400px) 100vw, 1400px\" \/><\/div><\/a>\n\t\t\t\t<div class=\"elementor-post__badge\">Obra nueva<\/div>\n\t\t\t\t<div class=\"elementor-post__text\">\n\t\t\t\t<h3 class=\"elementor-post__title\">\n\t\t\t<a href=\"https:\/\/spanishdreamproperties.com\/es\/obra-nueva-torrevieja\/\" >\n\t\t\t\tApartamentos de obra nueva en Torrevieja\t\t\t<\/a>\n\t\t<\/h3>\n\t\t\t\t<div class=\"elementor-post__excerpt\">\n\t\t\t<p>175.000 \u20ac<\/p>\n\t\t<\/div>\n\t\t\t\t<\/div>\n\t\t\t\t\t<\/div>\n\t\t<\/article>\n\t\t\t\t<\/div>\n\t\t\n\t\t\t\t\t\t<\/div>\n\t\t\t\t<\/div>\n\t\t\t\t\t<\/div>\n\t\t<\/div>\n\t\t\t\t\t<\/div>\n\t\t<\/section>\n\t\t\t\t<\/div>\n\t\t","protected":false},"excerpt":{"rendered":"<p>INICIO obra nueva obra nueva<\/p>\n","protected":false},"author":1,"featured_media":0,"parent":0,"menu_order":0,"comment_status":"closed","ping_status":"closed","template":"page-templates\/template-pagebuilder-full-width.php","meta":{"_acf_changed":false,"neve_meta_sidebar":"","neve_meta_container":"","neve_meta_enable_content_width":"off","neve_meta_content_width":100,"neve_meta_title_alignment":"","neve_meta_author_avatar":"","neve_post_elements_order":"","neve_meta_disable_header":"","neve_meta_disable_footer":"","neve_meta_disable_title":"","_joinchat":[],"footnotes":""},"class_list":["post-418","page","type-page","status-publish","hentry"],"acf":[],"yoast_head":"<!-- This site is optimized with the Yoast SEO plugin v27.4 - https:\/\/yoast.com\/product\/yoast-seo-wordpress\/ -->\n<title>Obra nueva Costa Blanca Sur | Spanish Dream Properties<\/title>\n<meta name=\"description\" content=\"Descubre obra nueva en Torrevieja y Costa Blanca Sur. Te guiamos de principio a fin con seguridad y transparencia. \u00a1Ver promociones ya!\" \/>\n<meta name=\"robots\" content=\"index, follow, max-snippet:-1, max-image-preview:large, max-video-preview:-1\" \/>\n<link rel=\"canonical\" href=\"https:\/\/spanishdreamproperties.com\/es\/obra-nueva\/\" \/>\n<meta property=\"og:locale\" content=\"es_ES\" \/>\n<meta property=\"og:type\" content=\"article\" \/>\n<meta property=\"og:title\" content=\"Obra nueva Costa Blanca Sur | Spanish Dream Properties\" \/>\n<meta property=\"og:description\" content=\"Descubre obra nueva en Torrevieja y Costa Blanca Sur. Te guiamos de principio a fin con seguridad y transparencia. \u00a1Ver promociones ya!\" \/>\n<meta property=\"og:url\" content=\"https:\/\/spanishdreamproperties.com\/es\/obra-nueva\/\" \/>\n<meta property=\"og:site_name\" content=\"Spanish Dream Properties | Agencia Inmobiliaria en Torrevieja\" \/>\n<meta property=\"article:modified_time\" content=\"2026-02-17T10:04:48+00:00\" \/>\n<meta name=\"twitter:card\" content=\"summary_large_image\" \/>\n<meta name=\"twitter:label1\" content=\"Tiempo de lectura\" \/>\n\t<meta name=\"twitter:data1\" content=\"1 minuto\" \/>\n<script type=\"application\/ld+json\" class=\"yoast-schema-graph\">{\"@context\":\"https:\\\/\\\/schema.org\",\"@graph\":[{\"@type\":\"WebPage\",\"@id\":\"https:\\\/\\\/spanishdreamproperties.com\\\/obra-nueva\\\/\",\"url\":\"https:\\\/\\\/spanishdreamproperties.com\\\/obra-nueva\\\/\",\"name\":\"Obra nueva Costa Blanca Sur | Spanish Dream Properties\",\"isPartOf\":{\"@id\":\"https:\\\/\\\/spanishdreamproperties.com\\\/#website\"},\"datePublished\":\"2026-02-16T12:05:42+00:00\",\"dateModified\":\"2026-02-17T10:04:48+00:00\",\"description\":\"Descubre obra nueva en Torrevieja y Costa Blanca Sur. Te guiamos de principio a fin con seguridad y transparencia. \u00a1Ver promociones ya!\",\"breadcrumb\":{\"@id\":\"https:\\\/\\\/spanishdreamproperties.com\\\/obra-nueva\\\/#breadcrumb\"},\"inLanguage\":\"es\",\"potentialAction\":[{\"@type\":\"ReadAction\",\"target\":[\"https:\\\/\\\/spanishdreamproperties.com\\\/obra-nueva\\\/\"]}]},{\"@type\":\"BreadcrumbList\",\"@id\":\"https:\\\/\\\/spanishdreamproperties.com\\\/obra-nueva\\\/#breadcrumb\",\"itemListElement\":[{\"@type\":\"ListItem\",\"position\":1,\"name\":\"Portada\",\"item\":\"https:\\\/\\\/spanishdreamproperties.com\\\/\"},{\"@type\":\"ListItem\",\"position\":2,\"name\":\"Obra nueva\"}]},{\"@type\":\"WebSite\",\"@id\":\"https:\\\/\\\/spanishdreamproperties.com\\\/#website\",\"url\":\"https:\\\/\\\/spanishdreamproperties.com\\\/\",\"name\":\"Spanish Dream Properties | Agencia Inmobiliaria en Torrevieja\",\"description\":\"Ayudamos a cumplir tu sue\u00f1o de vivir junto al mar en Torrevieja. Compra o alquila con asesor\u00eda experta, trato humano y sin estr\u00e9s.\",\"potentialAction\":[{\"@type\":\"SearchAction\",\"target\":{\"@type\":\"EntryPoint\",\"urlTemplate\":\"https:\\\/\\\/spanishdreamproperties.com\\\/?s={search_term_string}\"},\"query-input\":{\"@type\":\"PropertyValueSpecification\",\"valueRequired\":true,\"valueName\":\"search_term_string\"}}],\"inLanguage\":\"es\"}]}<\/script>\n<!-- \/ Yoast SEO plugin. -->","yoast_head_json":{"title":"Obra nueva Costa Blanca Sur | Spanish Dream Properties","description":"Descubre obra nueva en Torrevieja y Costa Blanca Sur. Te guiamos de principio a fin con seguridad y transparencia. \u00a1Ver promociones ya!","robots":{"index":"index","follow":"follow","max-snippet":"max-snippet:-1","max-image-preview":"max-image-preview:large","max-video-preview":"max-video-preview:-1"},"canonical":"https:\/\/spanishdreamproperties.com\/es\/obra-nueva\/","og_locale":"es_ES","og_type":"article","og_title":"Obra nueva Costa Blanca Sur | Spanish Dream Properties","og_description":"Descubre obra nueva en Torrevieja y Costa Blanca Sur. Te guiamos de principio a fin con seguridad y transparencia. \u00a1Ver promociones ya!","og_url":"https:\/\/spanishdreamproperties.com\/es\/obra-nueva\/","og_site_name":"Spanish Dream Properties | Agencia Inmobiliaria en Torrevieja","article_modified_time":"2026-02-17T10:04:48+00:00","twitter_card":"summary_large_image","twitter_misc":{"Tiempo de lectura":"1 minuto"},"schema":{"@context":"https:\/\/schema.org","@graph":[{"@type":"WebPage","@id":"https:\/\/spanishdreamproperties.com\/obra-nueva\/","url":"https:\/\/spanishdreamproperties.com\/obra-nueva\/","name":"Obra nueva Costa Blanca Sur | Spanish Dream Properties","isPartOf":{"@id":"https:\/\/spanishdreamproperties.com\/#website"},"datePublished":"2026-02-16T12:05:42+00:00","dateModified":"2026-02-17T10:04:48+00:00","description":"Descubre obra nueva en Torrevieja y Costa Blanca Sur. Te guiamos de principio a fin con seguridad y transparencia. \u00a1Ver promociones ya!","breadcrumb":{"@id":"https:\/\/spanishdreamproperties.com\/obra-nueva\/#breadcrumb"},"inLanguage":"es","potentialAction":[{"@type":"ReadAction","target":["https:\/\/spanishdreamproperties.com\/obra-nueva\/"]}]},{"@type":"BreadcrumbList","@id":"https:\/\/spanishdreamproperties.com\/obra-nueva\/#breadcrumb","itemListElement":[{"@type":"ListItem","position":1,"name":"Portada","item":"https:\/\/spanishdreamproperties.com\/"},{"@type":"ListItem","position":2,"name":"Obra nueva"}]},{"@type":"WebSite","@id":"https:\/\/spanishdreamproperties.com\/#website","url":"https:\/\/spanishdreamproperties.com\/","name":"Spanish Dream Properties | Agencia Inmobiliaria en Torrevieja","description":"Ayudamos a cumplir tu sue\u00f1o de vivir junto al mar en Torrevieja. Compra o alquila con asesor\u00eda experta, trato humano y sin estr\u00e9s.","potentialAction":[{"@type":"SearchAction","target":{"@type":"EntryPoint","urlTemplate":"https:\/\/spanishdreamproperties.com\/?s={search_term_string}"},"query-input":{"@type":"PropertyValueSpecification","valueRequired":true,"valueName":"search_term_string"}}],"inLanguage":"es"}]}},"_links":{"self":[{"href":"https:\/\/spanishdreamproperties.com\/es\/wp-json\/wp\/v2\/pages\/418","targetHints":{"allow":["GET"]}}],"collection":[{"href":"https:\/\/spanishdreamproperties.com\/es\/wp-json\/wp\/v2\/pages"}],"about":[{"href":"https:\/\/spanishdreamproperties.com\/es\/wp-json\/wp\/v2\/types\/page"}],"author":[{"embeddable":true,"href":"https:\/\/spanishdreamproperties.com\/es\/wp-json\/wp\/v2\/users\/1"}],"replies":[{"embeddable":true,"href":"https:\/\/spanishdreamproperties.com\/es\/wp-json\/wp\/v2\/comments?post=418"}],"version-history":[{"count":11,"href":"https:\/\/spanishdreamproperties.com\/es\/wp-json\/wp\/v2\/pages\/418\/revisions"}],"predecessor-version":[{"id":481,"href":"https:\/\/spanishdreamproperties.com\/es\/wp-json\/wp\/v2\/pages\/418\/revisions\/481"}],"wp:attachment":[{"href":"https:\/\/spanishdreamproperties.com\/es\/wp-json\/wp\/v2\/media?parent=418"}],"curies":[{"name":"wp","href":"https:\/\/api.w.org\/{rel}","templated":true}]}}