{"id":329,"date":"2026-02-11T20:28:01","date_gmt":"2026-02-11T20:28:01","guid":{"rendered":"https:\/\/spanishdreamproperties.com\/?page_id=329"},"modified":"2026-02-17T10:03:37","modified_gmt":"2026-02-17T10:03:37","slug":"propiedades","status":"publish","type":"page","link":"https:\/\/spanishdreamproperties.com\/es\/propiedades\/","title":{"rendered":"Propiedades"},"content":{"rendered":"\t\t<div data-elementor-type=\"wp-page\" data-elementor-id=\"329\" class=\"elementor elementor-329\" data-elementor-post-type=\"page\">\n\t\t\t\t\t\t<section class=\"elementor-section elementor-top-section elementor-element elementor-element-46610bde elementor-section-boxed elementor-section-height-default elementor-section-height-default\" data-id=\"46610bde\" data-element_type=\"section\" data-e-type=\"section\" data-settings=\"{&quot;background_background&quot;:&quot;classic&quot;}\">\n\t\t\t\t\t\t\t<div class=\"elementor-background-overlay\"><\/div>\n\t\t\t\t\t\t\t<div class=\"elementor-container elementor-column-gap-default\">\n\t\t\t\t\t<div class=\"elementor-column elementor-col-100 elementor-top-column elementor-element elementor-element-e4482a5\" data-id=\"e4482a5\" data-element_type=\"column\" data-e-type=\"column\">\n\t\t\t<div class=\"elementor-widget-wrap elementor-element-populated\">\n\t\t\t\t\t\t<div class=\"elementor-element elementor-element-7e4949e1 elementor-icon-list--layout-inline elementor-align-center elementor-list-item-link-full_width elementor-widget elementor-widget-icon-list\" data-id=\"7e4949e1\" data-element_type=\"widget\" data-e-type=\"widget\" data-widget_type=\"icon-list.default\">\n\t\t\t\t<div class=\"elementor-widget-container\">\n\t\t\t\t\t\t\t<ul class=\"elementor-icon-list-items elementor-inline-items\">\n\t\t\t\t\t\t\t<li class=\"elementor-icon-list-item elementor-inline-item\">\n\t\t\t\t\t\t\t\t\t\t\t<a href=\"https:\/\/spanishdreamproperties.com\/inicio\">\n\n\t\t\t\t\t\t\t\t\t\t\t<span class=\"elementor-icon-list-text\">INICIO<\/span>\n\t\t\t\t\t\t\t\t\t\t\t<\/a>\n\t\t\t\t\t\t\t\t\t<\/li>\n\t\t\t\t\t\t\t\t<li class=\"elementor-icon-list-item elementor-inline-item\">\n\t\t\t\t\t\t\t\t\t\t\t<a href=\"https:\/\/spanishdreamproperties.com\/propiedades\">\n\n\t\t\t\t\t\t\t\t\t\t\t\t<span class=\"elementor-icon-list-icon\">\n\t\t\t\t\t\t\t<svg aria-hidden=\"true\" class=\"e-font-icon-svg e-fas-caret-right\" viewBox=\"0 0 192 512\" xmlns=\"http:\/\/www.w3.org\/2000\/svg\"><path d=\"M0 384.662V127.338c0-17.818 21.543-26.741 34.142-14.142l128.662 128.662c7.81 7.81 7.81 20.474 0 28.284L34.142 398.804C21.543 411.404 0 402.48 0 384.662z\"><\/path><\/svg>\t\t\t\t\t\t<\/span>\n\t\t\t\t\t\t\t\t\t\t<span class=\"elementor-icon-list-text\">PROPIEDADES<\/span>\n\t\t\t\t\t\t\t\t\t\t\t<\/a>\n\t\t\t\t\t\t\t\t\t<\/li>\n\t\t\t\t\t\t<\/ul>\n\t\t\t\t\t\t<\/div>\n\t\t\t\t<\/div>\n\t\t\t\t<div class=\"elementor-element elementor-element-cee586a elementor-widget elementor-widget-heading\" data-id=\"cee586a\" data-element_type=\"widget\" data-e-type=\"widget\" data-widget_type=\"heading.default\">\n\t\t\t\t<div class=\"elementor-widget-container\">\n\t\t\t\t\t<h1 class=\"elementor-heading-title elementor-size-default\">PROPIEDADES<\/h1>\t\t\t\t<\/div>\n\t\t\t\t<\/div>\n\t\t\t\t\t<\/div>\n\t\t<\/div>\n\t\t\t\t\t<\/div>\n\t\t<\/section>\n\t\t\t\t<section class=\"elementor-section elementor-top-section elementor-element elementor-element-41185c2 elementor-section-boxed elementor-section-height-default elementor-section-height-default\" data-id=\"41185c2\" data-element_type=\"section\" data-e-type=\"section\">\n\t\t\t\t\t\t<div class=\"elementor-container elementor-column-gap-default\">\n\t\t\t\t\t<div class=\"elementor-column elementor-col-100 elementor-top-column elementor-element elementor-element-c3510a9\" data-id=\"c3510a9\" data-element_type=\"column\" data-e-type=\"column\">\n\t\t\t<div class=\"elementor-widget-wrap elementor-element-populated\">\n\t\t\t\t\t\t<div class=\"elementor-element elementor-element-7f65a7a elementor-posts--align-center elementor-grid-3 elementor-grid-tablet-2 elementor-grid-mobile-1 elementor-posts--thumbnail-top elementor-card-shadow-yes elementor-posts__hover-gradient elementor-widget elementor-widget-posts\" data-id=\"7f65a7a\" data-element_type=\"widget\" data-e-type=\"widget\" data-settings=\"{&quot;pagination_type&quot;:&quot;prev_next&quot;,&quot;cards_columns&quot;:&quot;3&quot;,&quot;cards_columns_tablet&quot;:&quot;2&quot;,&quot;cards_columns_mobile&quot;:&quot;1&quot;,&quot;cards_row_gap&quot;:{&quot;unit&quot;:&quot;px&quot;,&quot;size&quot;:35,&quot;sizes&quot;:[]},&quot;cards_row_gap_widescreen&quot;:{&quot;unit&quot;:&quot;px&quot;,&quot;size&quot;:&quot;&quot;,&quot;sizes&quot;:[]},&quot;cards_row_gap_laptop&quot;:{&quot;unit&quot;:&quot;px&quot;,&quot;size&quot;:&quot;&quot;,&quot;sizes&quot;:[]},&quot;cards_row_gap_tablet_extra&quot;:{&quot;unit&quot;:&quot;px&quot;,&quot;size&quot;:&quot;&quot;,&quot;sizes&quot;:[]},&quot;cards_row_gap_tablet&quot;:{&quot;unit&quot;:&quot;px&quot;,&quot;size&quot;:&quot;&quot;,&quot;sizes&quot;:[]},&quot;cards_row_gap_mobile_extra&quot;:{&quot;unit&quot;:&quot;px&quot;,&quot;size&quot;:&quot;&quot;,&quot;sizes&quot;:[]},&quot;cards_row_gap_mobile&quot;:{&quot;unit&quot;:&quot;px&quot;,&quot;size&quot;:&quot;&quot;,&quot;sizes&quot;:[]}}\" data-widget_type=\"posts.cards\">\n\t\t\t\t<div class=\"elementor-widget-container\">\n\t\t\t\t\t\t\t<div class=\"elementor-posts-container elementor-posts elementor-posts--skin-cards elementor-grid\" role=\"list\">\n\t\t\t\t<article class=\"elementor-post elementor-grid-item post-1001 post type-post status-publish format-standard has-post-thumbnail hentry category-apartamento\" role=\"listitem\">\n\t\t\t<div class=\"elementor-post__card\">\n\t\t\t\t<a class=\"elementor-post__thumbnail__link\" href=\"https:\/\/spanishdreamproperties.com\/es\/atico-reformado-con-vistas-al-mar-en-campoamor\/\" tabindex=\"-1\" ><div class=\"elementor-post__thumbnail\"><img fetchpriority=\"high\" decoding=\"async\" width=\"1000\" height=\"667\" src=\"https:\/\/spanishdreamproperties.com\/wp-content\/uploads\/2026\/04\/Atico-en-Campoamor-1.jpg\" class=\"attachment-full size-full wp-image-1002\" alt=\"\" srcset=\"https:\/\/spanishdreamproperties.com\/wp-content\/uploads\/2026\/04\/Atico-en-Campoamor-1.jpg 1000w, https:\/\/spanishdreamproperties.com\/wp-content\/uploads\/2026\/04\/Atico-en-Campoamor-1-300x200.jpg 300w, https:\/\/spanishdreamproperties.com\/wp-content\/uploads\/2026\/04\/Atico-en-Campoamor-1-768x512.jpg 768w, https:\/\/spanishdreamproperties.com\/wp-content\/uploads\/2026\/04\/Atico-en-Campoamor-1-18x12.jpg 18w, https:\/\/spanishdreamproperties.com\/wp-content\/uploads\/2026\/04\/Atico-en-Campoamor-1-930x620.jpg 930w\" sizes=\"(max-width: 1000px) 100vw, 1000px\" \/><\/div><\/a>\n\t\t\t\t<div class=\"elementor-post__badge\">Apartamento<\/div>\n\t\t\t\t<div class=\"elementor-post__text\">\n\t\t\t\t<h3 class=\"elementor-post__title\">\n\t\t\t<a href=\"https:\/\/spanishdreamproperties.com\/es\/atico-reformado-con-vistas-al-mar-en-campoamor\/\" >\n\t\t\t\t\u00c1tico reformado con vistas al mar en Campoamor\t\t\t<\/a>\n\t\t<\/h3>\n\t\t\t\t<div class=\"elementor-post__excerpt\">\n\t\t\t<p>195.000 \u20ac<\/p>\n\t\t<\/div>\n\t\t\t\t<\/div>\n\t\t\t\t\t<\/div>\n\t\t<\/article>\n\t\t\t\t<article class=\"elementor-post elementor-grid-item post-972 post type-post status-publish format-standard has-post-thumbnail hentry category-apartamento\" role=\"listitem\">\n\t\t\t<div class=\"elementor-post__card\">\n\t\t\t\t<a class=\"elementor-post__thumbnail__link\" href=\"https:\/\/spanishdreamproperties.com\/es\/apartamento-en-planta-baja-en-las-colinas-golf\/\" tabindex=\"-1\" ><div class=\"elementor-post__thumbnail\"><img decoding=\"async\" width=\"2048\" height=\"1365\" src=\"https:\/\/spanishdreamproperties.com\/wp-content\/uploads\/2026\/04\/662473873_122165737586885492_2937588543039686433_n.jpg\" class=\"attachment-full size-full wp-image-995\" alt=\"\" srcset=\"https:\/\/spanishdreamproperties.com\/wp-content\/uploads\/2026\/04\/662473873_122165737586885492_2937588543039686433_n.jpg 2048w, https:\/\/spanishdreamproperties.com\/wp-content\/uploads\/2026\/04\/662473873_122165737586885492_2937588543039686433_n-300x200.jpg 300w, https:\/\/spanishdreamproperties.com\/wp-content\/uploads\/2026\/04\/662473873_122165737586885492_2937588543039686433_n-1024x683.jpg 1024w, https:\/\/spanishdreamproperties.com\/wp-content\/uploads\/2026\/04\/662473873_122165737586885492_2937588543039686433_n-768x512.jpg 768w, https:\/\/spanishdreamproperties.com\/wp-content\/uploads\/2026\/04\/662473873_122165737586885492_2937588543039686433_n-1536x1024.jpg 1536w, https:\/\/spanishdreamproperties.com\/wp-content\/uploads\/2026\/04\/662473873_122165737586885492_2937588543039686433_n-18x12.jpg 18w, https:\/\/spanishdreamproperties.com\/wp-content\/uploads\/2026\/04\/662473873_122165737586885492_2937588543039686433_n-930x620.jpg 930w\" sizes=\"(max-width: 2048px) 100vw, 2048px\" \/><\/div><\/a>\n\t\t\t\t<div class=\"elementor-post__badge\">Apartamento<\/div>\n\t\t\t\t<div class=\"elementor-post__text\">\n\t\t\t\t<h3 class=\"elementor-post__title\">\n\t\t\t<a href=\"https:\/\/spanishdreamproperties.com\/es\/apartamento-en-planta-baja-en-las-colinas-golf\/\" >\n\t\t\t\tApartamento en planta baja en Las Colinas Golf\t\t\t<\/a>\n\t\t<\/h3>\n\t\t\t\t<div class=\"elementor-post__excerpt\">\n\t\t\t<p>449.000 \u20ac<\/p>\n\t\t<\/div>\n\t\t\t\t<\/div>\n\t\t\t\t\t<\/div>\n\t\t<\/article>\n\t\t\t\t<article class=\"elementor-post elementor-grid-item post-936 post type-post status-publish format-standard has-post-thumbnail hentry category-apartamento\" role=\"listitem\">\n\t\t\t<div class=\"elementor-post__card\">\n\t\t\t\t<a class=\"elementor-post__thumbnail__link\" href=\"https:\/\/spanishdreamproperties.com\/es\/atico-reformado-en-torrevieja\/\" tabindex=\"-1\" ><div class=\"elementor-post__thumbnail\"><img decoding=\"async\" width=\"1600\" height=\"1200\" src=\"https:\/\/spanishdreamproperties.com\/wp-content\/uploads\/2026\/03\/3-3.jpg\" class=\"attachment-full size-full wp-image-939\" alt=\"\" srcset=\"https:\/\/spanishdreamproperties.com\/wp-content\/uploads\/2026\/03\/3-3.jpg 1600w, https:\/\/spanishdreamproperties.com\/wp-content\/uploads\/2026\/03\/3-3-300x225.jpg 300w, https:\/\/spanishdreamproperties.com\/wp-content\/uploads\/2026\/03\/3-3-1024x768.jpg 1024w, https:\/\/spanishdreamproperties.com\/wp-content\/uploads\/2026\/03\/3-3-768x576.jpg 768w, https:\/\/spanishdreamproperties.com\/wp-content\/uploads\/2026\/03\/3-3-1536x1152.jpg 1536w, https:\/\/spanishdreamproperties.com\/wp-content\/uploads\/2026\/03\/3-3-16x12.jpg 16w\" sizes=\"(max-width: 1600px) 100vw, 1600px\" \/><\/div><\/a>\n\t\t\t\t<div class=\"elementor-post__badge\">Apartamento<\/div>\n\t\t\t\t<div class=\"elementor-post__text\">\n\t\t\t\t<h3 class=\"elementor-post__title\">\n\t\t\t<a href=\"https:\/\/spanishdreamproperties.com\/es\/atico-reformado-en-torrevieja\/\" >\n\t\t\t\t\u00c1tico reformado en Torrevieja\t\t\t<\/a>\n\t\t<\/h3>\n\t\t\t\t<div class=\"elementor-post__excerpt\">\n\t\t\t<p>239.000 \u20ac<\/p>\n\t\t<\/div>\n\t\t\t\t<\/div>\n\t\t\t\t\t<\/div>\n\t\t<\/article>\n\t\t\t\t<article class=\"elementor-post elementor-grid-item post-884 post type-post status-publish format-standard has-post-thumbnail hentry category-edificio\" role=\"listitem\">\n\t\t\t<div class=\"elementor-post__card\">\n\t\t\t\t<a class=\"elementor-post__thumbnail__link\" href=\"https:\/\/spanishdreamproperties.com\/es\/edificio-en-venta-en-torrevieja\/\" tabindex=\"-1\" ><div class=\"elementor-post__thumbnail\"><img loading=\"lazy\" decoding=\"async\" width=\"1600\" height=\"900\" src=\"https:\/\/spanishdreamproperties.com\/wp-content\/uploads\/2026\/03\/1.1.jpeg\" class=\"attachment-full size-full wp-image-885\" alt=\"Edificio en venta en Torrevieja\" srcset=\"https:\/\/spanishdreamproperties.com\/wp-content\/uploads\/2026\/03\/1.1.jpeg 1600w, https:\/\/spanishdreamproperties.com\/wp-content\/uploads\/2026\/03\/1.1-300x169.jpeg 300w, https:\/\/spanishdreamproperties.com\/wp-content\/uploads\/2026\/03\/1.1-1024x576.jpeg 1024w, https:\/\/spanishdreamproperties.com\/wp-content\/uploads\/2026\/03\/1.1-768x432.jpeg 768w, https:\/\/spanishdreamproperties.com\/wp-content\/uploads\/2026\/03\/1.1-1536x864.jpeg 1536w, https:\/\/spanishdreamproperties.com\/wp-content\/uploads\/2026\/03\/1.1-18x10.jpeg 18w\" sizes=\"(max-width: 1600px) 100vw, 1600px\" \/><\/div><\/a>\n\t\t\t\t<div class=\"elementor-post__badge\">Edificio<\/div>\n\t\t\t\t<div class=\"elementor-post__text\">\n\t\t\t\t<h3 class=\"elementor-post__title\">\n\t\t\t<a href=\"https:\/\/spanishdreamproperties.com\/es\/edificio-en-venta-en-torrevieja\/\" >\n\t\t\t\tEdificio en venta en Torrevieja\t\t\t<\/a>\n\t\t<\/h3>\n\t\t\t\t<div class=\"elementor-post__excerpt\">\n\t\t\t<p>1.700.000 \u20ac<\/p>\n\t\t<\/div>\n\t\t\t\t<\/div>\n\t\t\t\t\t<\/div>\n\t\t<\/article>\n\t\t\t\t<article class=\"elementor-post elementor-grid-item post-737 post type-post status-publish format-standard has-post-thumbnail hentry category-villa\" role=\"listitem\">\n\t\t\t<div class=\"elementor-post__card\">\n\t\t\t\t<a class=\"elementor-post__thumbnail__link\" href=\"https:\/\/spanishdreamproperties.com\/es\/villa-pareada-con-piscina-privada-en-lomas-de-cabo-roig\/\" tabindex=\"-1\" ><div class=\"elementor-post__thumbnail\"><img loading=\"lazy\" decoding=\"async\" width=\"1000\" height=\"667\" src=\"https:\/\/spanishdreamproperties.com\/wp-content\/uploads\/2026\/03\/Villa-pareada-en-Lomas-de-Cabo-Roig-.jpg\" class=\"attachment-full size-full wp-image-738\" alt=\"Villa pareada en Lomas de Cabo Roig\" srcset=\"https:\/\/spanishdreamproperties.com\/wp-content\/uploads\/2026\/03\/Villa-pareada-en-Lomas-de-Cabo-Roig-.jpg 1000w, https:\/\/spanishdreamproperties.com\/wp-content\/uploads\/2026\/03\/Villa-pareada-en-Lomas-de-Cabo-Roig--300x200.jpg 300w, https:\/\/spanishdreamproperties.com\/wp-content\/uploads\/2026\/03\/Villa-pareada-en-Lomas-de-Cabo-Roig--768x512.jpg 768w, https:\/\/spanishdreamproperties.com\/wp-content\/uploads\/2026\/03\/Villa-pareada-en-Lomas-de-Cabo-Roig--18x12.jpg 18w, https:\/\/spanishdreamproperties.com\/wp-content\/uploads\/2026\/03\/Villa-pareada-en-Lomas-de-Cabo-Roig--930x620.jpg 930w\" sizes=\"(max-width: 1000px) 100vw, 1000px\" \/><\/div><\/a>\n\t\t\t\t<div class=\"elementor-post__badge\">Villa<\/div>\n\t\t\t\t<div class=\"elementor-post__text\">\n\t\t\t\t<h3 class=\"elementor-post__title\">\n\t\t\t<a href=\"https:\/\/spanishdreamproperties.com\/es\/villa-pareada-con-piscina-privada-en-lomas-de-cabo-roig\/\" >\n\t\t\t\tVilla pareada con piscina privada en Lomas de Cabo Roig\t\t\t<\/a>\n\t\t<\/h3>\n\t\t\t\t<div class=\"elementor-post__excerpt\">\n\t\t\t<p>349.000 \u20ac<\/p>\n\t\t<\/div>\n\t\t\t\t<\/div>\n\t\t\t\t\t<\/div>\n\t\t<\/article>\n\t\t\t\t<article class=\"elementor-post elementor-grid-item post-689 post type-post status-publish format-standard has-post-thumbnail hentry category-casa-adosada\" role=\"listitem\">\n\t\t\t<div class=\"elementor-post__card\">\n\t\t\t\t<a class=\"elementor-post__thumbnail__link\" href=\"https:\/\/spanishdreamproperties.com\/es\/casa-adosada-en-venta-en-torrevieja\/\" tabindex=\"-1\" ><div class=\"elementor-post__thumbnail\"><img loading=\"lazy\" decoding=\"async\" width=\"1000\" height=\"750\" src=\"https:\/\/spanishdreamproperties.com\/wp-content\/uploads\/2026\/03\/Adosado-Torrevieja3.jpg\" class=\"attachment-full size-full wp-image-692\" alt=\"Adosado Torrevieja\" srcset=\"https:\/\/spanishdreamproperties.com\/wp-content\/uploads\/2026\/03\/Adosado-Torrevieja3.jpg 1000w, https:\/\/spanishdreamproperties.com\/wp-content\/uploads\/2026\/03\/Adosado-Torrevieja3-300x225.jpg 300w, https:\/\/spanishdreamproperties.com\/wp-content\/uploads\/2026\/03\/Adosado-Torrevieja3-768x576.jpg 768w, https:\/\/spanishdreamproperties.com\/wp-content\/uploads\/2026\/03\/Adosado-Torrevieja3-16x12.jpg 16w\" sizes=\"(max-width: 1000px) 100vw, 1000px\" \/><\/div><\/a>\n\t\t\t\t<div class=\"elementor-post__badge\">Casa adosada<\/div>\n\t\t\t\t<div class=\"elementor-post__text\">\n\t\t\t\t<h3 class=\"elementor-post__title\">\n\t\t\t<a href=\"https:\/\/spanishdreamproperties.com\/es\/casa-adosada-en-venta-en-torrevieja\/\" >\n\t\t\t\tCasa adosada en venta en Torrevieja\t\t\t<\/a>\n\t\t<\/h3>\n\t\t\t\t<div class=\"elementor-post__excerpt\">\n\t\t\t<p>139.000 \u20ac &nbsp;<\/p>\n\t\t<\/div>\n\t\t\t\t<\/div>\n\t\t\t\t\t<\/div>\n\t\t<\/article>\n\t\t\t\t<\/div>\n\t\t\n\t\t\t\t<div class=\"e-load-more-anchor\" data-page=\"1\" data-max-page=\"2\" data-next-page=\"https:\/\/spanishdreamproperties.com\/es\/wp-json\/wp\/v2\/pages\/329\/page\/2\/\"><\/div>\n\t\t\t\t<nav class=\"elementor-pagination\" aria-label=\"Paginaci\u00f3n\">\n\t\t\t<span class=\"page-numbers prev\">&laquo; Anterior<\/span>\n<a class=\"page-numbers next\" href=\"https:\/\/spanishdreamproperties.com\/es\/wp-json\/wp\/v2\/pages\/329\/page\/2\/\">Siguiente &raquo;<\/a>\t\t<\/nav>\n\t\t\t\t\t\t<\/div>\n\t\t\t\t<\/div>\n\t\t\t\t\t<\/div>\n\t\t<\/div>\n\t\t\t\t\t<\/div>\n\t\t<\/section>\n\t\t\t\t<\/div>\n\t\t","protected":false},"excerpt":{"rendered":"<p>INICIO PROPIEDADES PROPIEDADES<\/p>\n","protected":false},"author":1,"featured_media":0,"parent":0,"menu_order":0,"comment_status":"closed","ping_status":"closed","template":"page-templates\/template-pagebuilder-full-width.php","meta":{"_acf_changed":false,"neve_meta_sidebar":"","neve_meta_container":"","neve_meta_enable_content_width":"off","neve_meta_content_width":100,"neve_meta_title_alignment":"","neve_meta_author_avatar":"","neve_post_elements_order":"","neve_meta_disable_header":"","neve_meta_disable_footer":"","neve_meta_disable_title":"","_joinchat":[],"footnotes":""},"class_list":["post-329","page","type-page","status-publish","hentry"],"acf":[],"yoast_head":"<!-- This site is optimized with the Yoast SEO plugin v27.4 - https:\/\/yoast.com\/product\/yoast-seo-wordpress\/ -->\n<title>Propiedades en Costa Blanca | Spanish Dream Properties<\/title>\n<meta name=\"description\" content=\"Explora casas y apartamentos en Torrevieja y Costa Blanca Sur. Filtra por zona, precio y obra nueva con asesoramiento. \u00a1Ver propiedades!\" \/>\n<meta name=\"robots\" content=\"index, follow, max-snippet:-1, max-image-preview:large, max-video-preview:-1\" \/>\n<link rel=\"canonical\" href=\"https:\/\/spanishdreamproperties.com\/es\/propiedades\/\" \/>\n<meta property=\"og:locale\" content=\"es_ES\" \/>\n<meta property=\"og:type\" content=\"article\" \/>\n<meta property=\"og:title\" content=\"Propiedades en Costa Blanca | Spanish Dream Properties\" \/>\n<meta property=\"og:description\" content=\"Explora casas y apartamentos en Torrevieja y Costa Blanca Sur. Filtra por zona, precio y obra nueva con asesoramiento. \u00a1Ver propiedades!\" \/>\n<meta property=\"og:url\" content=\"https:\/\/spanishdreamproperties.com\/es\/propiedades\/\" \/>\n<meta property=\"og:site_name\" content=\"Spanish Dream Properties | Agencia Inmobiliaria en Torrevieja\" \/>\n<meta property=\"article:modified_time\" content=\"2026-02-17T10:03:37+00:00\" \/>\n<meta name=\"twitter:card\" content=\"summary_large_image\" \/>\n<meta name=\"twitter:label1\" content=\"Tiempo de lectura\" \/>\n\t<meta name=\"twitter:data1\" content=\"1 minuto\" \/>\n<script type=\"application\/ld+json\" class=\"yoast-schema-graph\">{\"@context\":\"https:\\\/\\\/schema.org\",\"@graph\":[{\"@type\":\"WebPage\",\"@id\":\"https:\\\/\\\/spanishdreamproperties.com\\\/propiedades\\\/\",\"url\":\"https:\\\/\\\/spanishdreamproperties.com\\\/propiedades\\\/\",\"name\":\"Propiedades en Costa Blanca | Spanish Dream Properties\",\"isPartOf\":{\"@id\":\"https:\\\/\\\/spanishdreamproperties.com\\\/#website\"},\"datePublished\":\"2026-02-11T20:28:01+00:00\",\"dateModified\":\"2026-02-17T10:03:37+00:00\",\"description\":\"Explora casas y apartamentos en Torrevieja y Costa Blanca Sur. Filtra por zona, precio y obra nueva con asesoramiento. \u00a1Ver propiedades!\",\"breadcrumb\":{\"@id\":\"https:\\\/\\\/spanishdreamproperties.com\\\/propiedades\\\/#breadcrumb\"},\"inLanguage\":\"es\",\"potentialAction\":[{\"@type\":\"ReadAction\",\"target\":[\"https:\\\/\\\/spanishdreamproperties.com\\\/propiedades\\\/\"]}]},{\"@type\":\"BreadcrumbList\",\"@id\":\"https:\\\/\\\/spanishdreamproperties.com\\\/propiedades\\\/#breadcrumb\",\"itemListElement\":[{\"@type\":\"ListItem\",\"position\":1,\"name\":\"Portada\",\"item\":\"https:\\\/\\\/spanishdreamproperties.com\\\/\"},{\"@type\":\"ListItem\",\"position\":2,\"name\":\"Propiedades\"}]},{\"@type\":\"WebSite\",\"@id\":\"https:\\\/\\\/spanishdreamproperties.com\\\/#website\",\"url\":\"https:\\\/\\\/spanishdreamproperties.com\\\/\",\"name\":\"Spanish Dream Properties | Agencia Inmobiliaria en Torrevieja\",\"description\":\"Ayudamos a cumplir tu sue\u00f1o de vivir junto al mar en Torrevieja. Compra o alquila con asesor\u00eda experta, trato humano y sin estr\u00e9s.\",\"potentialAction\":[{\"@type\":\"SearchAction\",\"target\":{\"@type\":\"EntryPoint\",\"urlTemplate\":\"https:\\\/\\\/spanishdreamproperties.com\\\/?s={search_term_string}\"},\"query-input\":{\"@type\":\"PropertyValueSpecification\",\"valueRequired\":true,\"valueName\":\"search_term_string\"}}],\"inLanguage\":\"es\"}]}<\/script>\n<!-- \/ Yoast SEO plugin. -->","yoast_head_json":{"title":"Propiedades en Costa Blanca | Spanish Dream Properties","description":"Explora casas y apartamentos en Torrevieja y Costa Blanca Sur. Filtra por zona, precio y obra nueva con asesoramiento. \u00a1Ver propiedades!","robots":{"index":"index","follow":"follow","max-snippet":"max-snippet:-1","max-image-preview":"max-image-preview:large","max-video-preview":"max-video-preview:-1"},"canonical":"https:\/\/spanishdreamproperties.com\/es\/propiedades\/","og_locale":"es_ES","og_type":"article","og_title":"Propiedades en Costa Blanca | Spanish Dream Properties","og_description":"Explora casas y apartamentos en Torrevieja y Costa Blanca Sur. Filtra por zona, precio y obra nueva con asesoramiento. \u00a1Ver propiedades!","og_url":"https:\/\/spanishdreamproperties.com\/es\/propiedades\/","og_site_name":"Spanish Dream Properties | Agencia Inmobiliaria en Torrevieja","article_modified_time":"2026-02-17T10:03:37+00:00","twitter_card":"summary_large_image","twitter_misc":{"Tiempo de lectura":"1 minuto"},"schema":{"@context":"https:\/\/schema.org","@graph":[{"@type":"WebPage","@id":"https:\/\/spanishdreamproperties.com\/propiedades\/","url":"https:\/\/spanishdreamproperties.com\/propiedades\/","name":"Propiedades en Costa Blanca | Spanish Dream Properties","isPartOf":{"@id":"https:\/\/spanishdreamproperties.com\/#website"},"datePublished":"2026-02-11T20:28:01+00:00","dateModified":"2026-02-17T10:03:37+00:00","description":"Explora casas y apartamentos en Torrevieja y Costa Blanca Sur. Filtra por zona, precio y obra nueva con asesoramiento. \u00a1Ver propiedades!","breadcrumb":{"@id":"https:\/\/spanishdreamproperties.com\/propiedades\/#breadcrumb"},"inLanguage":"es","potentialAction":[{"@type":"ReadAction","target":["https:\/\/spanishdreamproperties.com\/propiedades\/"]}]},{"@type":"BreadcrumbList","@id":"https:\/\/spanishdreamproperties.com\/propiedades\/#breadcrumb","itemListElement":[{"@type":"ListItem","position":1,"name":"Portada","item":"https:\/\/spanishdreamproperties.com\/"},{"@type":"ListItem","position":2,"name":"Propiedades"}]},{"@type":"WebSite","@id":"https:\/\/spanishdreamproperties.com\/#website","url":"https:\/\/spanishdreamproperties.com\/","name":"Spanish Dream Properties | Agencia Inmobiliaria en Torrevieja","description":"Ayudamos a cumplir tu sue\u00f1o de vivir junto al mar en Torrevieja. Compra o alquila con asesor\u00eda experta, trato humano y sin estr\u00e9s.","potentialAction":[{"@type":"SearchAction","target":{"@type":"EntryPoint","urlTemplate":"https:\/\/spanishdreamproperties.com\/?s={search_term_string}"},"query-input":{"@type":"PropertyValueSpecification","valueRequired":true,"valueName":"search_term_string"}}],"inLanguage":"es"}]}},"_links":{"self":[{"href":"https:\/\/spanishdreamproperties.com\/es\/wp-json\/wp\/v2\/pages\/329","targetHints":{"allow":["GET"]}}],"collection":[{"href":"https:\/\/spanishdreamproperties.com\/es\/wp-json\/wp\/v2\/pages"}],"about":[{"href":"https:\/\/spanishdreamproperties.com\/es\/wp-json\/wp\/v2\/types\/page"}],"author":[{"embeddable":true,"href":"https:\/\/spanishdreamproperties.com\/es\/wp-json\/wp\/v2\/users\/1"}],"replies":[{"embeddable":true,"href":"https:\/\/spanishdreamproperties.com\/es\/wp-json\/wp\/v2\/comments?post=329"}],"version-history":[{"count":11,"href":"https:\/\/spanishdreamproperties.com\/es\/wp-json\/wp\/v2\/pages\/329\/revisions"}],"predecessor-version":[{"id":480,"href":"https:\/\/spanishdreamproperties.com\/es\/wp-json\/wp\/v2\/pages\/329\/revisions\/480"}],"wp:attachment":[{"href":"https:\/\/spanishdreamproperties.com\/es\/wp-json\/wp\/v2\/media?parent=329"}],"curies":[{"name":"wp","href":"https:\/\/api.w.org\/{rel}","templated":true}]}}