{"id":10,"date":"2024-08-29T11:27:31","date_gmt":"2024-08-29T11:27:31","guid":{"rendered":"https:\/\/revolutionsoft.shop\/?page_id=10"},"modified":"2026-02-17T09:22:44","modified_gmt":"2026-02-17T09:22:44","slug":"aviso-legal","status":"publish","type":"page","link":"https:\/\/spanishdreamproperties.com\/en\/aviso-legal\/","title":{"rendered":"Legal Notice"},"content":{"rendered":"<p>In compliance with the provisions of Law 34\/2002, of July 11, on Information Society Services and Electronic Commerce (LSSI-CE), the following legal aspects of this website are reported:<\/p>\n<h4>Website Ownership<\/h4>\n<ul>\n<li><strong>Company name<\/strong>: Karolina Judasova<\/li>\n<li><strong>CIF<\/strong>: Y8303516R<\/li>\n<li><strong>Tax and registered office<\/strong>: Alicante<\/li>\n<li><strong>Email<\/strong>: info@spanishdreamproperties.com<\/li>\n<\/ul>\n<h4>Terms of use<\/h4>\n<p>Access to and use of the Karol\u00edna Judasov\u00e1 website confers the status of user, and implies full and unreserved acceptance of each and every one of the provisions included in this Legal Notice, in the version published by Karol\u00edna Judasov\u00e1 at the same time that the user accesses the website.<\/p>\n<h4>Intellectual and Industrial Property<\/h4>\n<p>All website content, including but not limited to text, photographs, graphics, images, icons, technology, software, and other audiovisual or sound content, as well as its graphic design and source code, are the intellectual property of Karol\u00edna Judasov\u00e1 and no exploitation rights are granted to the user beyond what is strictly necessary for the proper use of the website.<\/p>\n<h4>Data Protection<\/h4>\n<p>Karol\u00edna Judasov\u00e1 complies with current data protection regulations and ensures the correct management of personal data that may be collected through contact forms on the website, in accordance with the provisions of Regulation (EU) 2016\/679 (General Data Protection Regulation).<\/p>\n<h4>Content Responsibility<\/h4>\n<p>Karol\u00edna Judasov\u00e1 is not responsible for the legality of other third-party websites that may be accessed from this website. Nor is she responsible for the legality of other third-party websites that may be linked to or from this website.<\/p>\n<h4>Applicable Legislation and Jurisdiction<\/h4>\n<p>The relationship between Karol\u00edna Judasov\u00e1 and the user will be governed by current Spanish legislation, and any dispute will be submitted to the Courts and Tribunals of the city of Alicante, unless applicable legislation provides otherwise.<\/p>\n<hr \/>\n<p>For more information or any questions regarding this Legal Notice, please contact us via email: info@spanishdreamproperties.com<\/p>","protected":false},"excerpt":{"rendered":"<p>En cumplimiento con lo dispuesto en la Ley 34\/2002, de 11 de julio, de Servicios de la Sociedad de la Informaci\u00f3n y de Comercio Electr\u00f3nico (LSSI-CE), se informa de los siguientes aspectos legales de este sitio web: Titularidad del Sitio Web Raz\u00f3n social: Karol\u00edna Judasov\u00e1 CIF: Y8303516R Domicilio fiscal y social: Alicante Correo electr\u00f3nico: info@spanishdreamproperties.com&hellip;&nbsp;<\/p>","protected":false},"author":1,"featured_media":0,"parent":0,"menu_order":0,"comment_status":"closed","ping_status":"closed","template":"","meta":{"_acf_changed":false,"neve_meta_sidebar":"","neve_meta_container":"","neve_meta_enable_content_width":"off","neve_meta_content_width":100,"neve_meta_title_alignment":"","neve_meta_author_avatar":"","neve_post_elements_order":"","neve_meta_disable_header":"","neve_meta_disable_footer":"","neve_meta_disable_title":"","_joinchat":[],"footnotes":""},"class_list":["post-10","page","type-page","status-publish","hentry"],"acf":[],"yoast_head":"<!-- This site is optimized with the Yoast SEO plugin v27.4 - https:\/\/yoast.com\/product\/yoast-seo-wordpress\/ -->\n<title>Aviso Legal - Spanish Dream Properties | Agencia Inmobiliaria en Torrevieja<\/title>\n<meta name=\"robots\" content=\"index, follow, max-snippet:-1, max-image-preview:large, max-video-preview:-1\" \/>\n<link rel=\"canonical\" href=\"https:\/\/spanishdreamproperties.com\/en\/aviso-legal\/\" \/>\n<meta property=\"og:locale\" content=\"en_GB\" \/>\n<meta property=\"og:type\" content=\"article\" \/>\n<meta property=\"og:title\" content=\"Aviso Legal - Spanish Dream Properties | Agencia Inmobiliaria en Torrevieja\" \/>\n<meta property=\"og:description\" content=\"En cumplimiento con lo dispuesto en la Ley 34\/2002, de 11 de julio, de Servicios de la Sociedad de la Informaci\u00f3n y de Comercio Electr\u00f3nico (LSSI-CE), se informa de los siguientes aspectos legales de este sitio web: Titularidad del Sitio Web Raz\u00f3n social: Karol\u00edna Judasov\u00e1 CIF: Y8303516R Domicilio fiscal y social: Alicante Correo electr\u00f3nico: info@spanishdreamproperties.com&hellip;&nbsp;\" \/>\n<meta property=\"og:url\" content=\"https:\/\/spanishdreamproperties.com\/en\/aviso-legal\/\" \/>\n<meta property=\"og:site_name\" content=\"Spanish Dream Properties | Agencia Inmobiliaria en Torrevieja\" \/>\n<meta property=\"article:modified_time\" content=\"2026-02-17T09:22:44+00:00\" \/>\n<meta name=\"twitter:card\" content=\"summary_large_image\" \/>\n<meta name=\"twitter:label1\" content=\"Estimated reading time\" \/>\n\t<meta name=\"twitter:data1\" content=\"2 minutes\" \/>\n<script type=\"application\/ld+json\" class=\"yoast-schema-graph\">{\"@context\":\"https:\\\/\\\/schema.org\",\"@graph\":[{\"@type\":\"WebPage\",\"@id\":\"https:\\\/\\\/spanishdreamproperties.com\\\/aviso-legal\\\/\",\"url\":\"https:\\\/\\\/spanishdreamproperties.com\\\/aviso-legal\\\/\",\"name\":\"Aviso Legal - Spanish Dream Properties | Agencia Inmobiliaria en Torrevieja\",\"isPartOf\":{\"@id\":\"https:\\\/\\\/spanishdreamproperties.com\\\/#website\"},\"datePublished\":\"2024-08-29T11:27:31+00:00\",\"dateModified\":\"2026-02-17T09:22:44+00:00\",\"breadcrumb\":{\"@id\":\"https:\\\/\\\/spanishdreamproperties.com\\\/aviso-legal\\\/#breadcrumb\"},\"inLanguage\":\"en-GB\",\"potentialAction\":[{\"@type\":\"ReadAction\",\"target\":[\"https:\\\/\\\/spanishdreamproperties.com\\\/aviso-legal\\\/\"]}]},{\"@type\":\"BreadcrumbList\",\"@id\":\"https:\\\/\\\/spanishdreamproperties.com\\\/aviso-legal\\\/#breadcrumb\",\"itemListElement\":[{\"@type\":\"ListItem\",\"position\":1,\"name\":\"Portada\",\"item\":\"https:\\\/\\\/spanishdreamproperties.com\\\/\"},{\"@type\":\"ListItem\",\"position\":2,\"name\":\"Aviso Legal\"}]},{\"@type\":\"WebSite\",\"@id\":\"https:\\\/\\\/spanishdreamproperties.com\\\/#website\",\"url\":\"https:\\\/\\\/spanishdreamproperties.com\\\/\",\"name\":\"Spanish Dream Properties | Agencia Inmobiliaria en Torrevieja\",\"description\":\"Ayudamos a cumplir tu sue\u00f1o de vivir junto al mar en Torrevieja. Compra o alquila con asesor\u00eda experta, trato humano y sin estr\u00e9s.\",\"potentialAction\":[{\"@type\":\"SearchAction\",\"target\":{\"@type\":\"EntryPoint\",\"urlTemplate\":\"https:\\\/\\\/spanishdreamproperties.com\\\/?s={search_term_string}\"},\"query-input\":{\"@type\":\"PropertyValueSpecification\",\"valueRequired\":true,\"valueName\":\"search_term_string\"}}],\"inLanguage\":\"en-GB\"}]}<\/script>\n<!-- \/ Yoast SEO plugin. -->","yoast_head_json":{"title":"Aviso Legal - Spanish Dream Properties | Agencia Inmobiliaria en Torrevieja","robots":{"index":"index","follow":"follow","max-snippet":"max-snippet:-1","max-image-preview":"max-image-preview:large","max-video-preview":"max-video-preview:-1"},"canonical":"https:\/\/spanishdreamproperties.com\/en\/aviso-legal\/","og_locale":"en_GB","og_type":"article","og_title":"Aviso Legal - Spanish Dream Properties | Agencia Inmobiliaria en Torrevieja","og_description":"En cumplimiento con lo dispuesto en la Ley 34\/2002, de 11 de julio, de Servicios de la Sociedad de la Informaci\u00f3n y de Comercio Electr\u00f3nico (LSSI-CE), se informa de los siguientes aspectos legales de este sitio web: Titularidad del Sitio Web Raz\u00f3n social: Karol\u00edna Judasov\u00e1 CIF: Y8303516R Domicilio fiscal y social: Alicante Correo electr\u00f3nico: info@spanishdreamproperties.com&hellip;&nbsp;","og_url":"https:\/\/spanishdreamproperties.com\/en\/aviso-legal\/","og_site_name":"Spanish Dream Properties | Agencia Inmobiliaria en Torrevieja","article_modified_time":"2026-02-17T09:22:44+00:00","twitter_card":"summary_large_image","twitter_misc":{"Estimated reading time":"2 minutes"},"schema":{"@context":"https:\/\/schema.org","@graph":[{"@type":"WebPage","@id":"https:\/\/spanishdreamproperties.com\/aviso-legal\/","url":"https:\/\/spanishdreamproperties.com\/aviso-legal\/","name":"Aviso Legal - Spanish Dream Properties | Agencia Inmobiliaria en Torrevieja","isPartOf":{"@id":"https:\/\/spanishdreamproperties.com\/#website"},"datePublished":"2024-08-29T11:27:31+00:00","dateModified":"2026-02-17T09:22:44+00:00","breadcrumb":{"@id":"https:\/\/spanishdreamproperties.com\/aviso-legal\/#breadcrumb"},"inLanguage":"en-GB","potentialAction":[{"@type":"ReadAction","target":["https:\/\/spanishdreamproperties.com\/aviso-legal\/"]}]},{"@type":"BreadcrumbList","@id":"https:\/\/spanishdreamproperties.com\/aviso-legal\/#breadcrumb","itemListElement":[{"@type":"ListItem","position":1,"name":"Portada","item":"https:\/\/spanishdreamproperties.com\/"},{"@type":"ListItem","position":2,"name":"Aviso Legal"}]},{"@type":"WebSite","@id":"https:\/\/spanishdreamproperties.com\/#website","url":"https:\/\/spanishdreamproperties.com\/","name":"Spanish Dream Properties | Agencia Inmobiliaria en Torrevieja","description":"Ayudamos a cumplir tu sue\u00f1o de vivir junto al mar en Torrevieja. Compra o alquila con asesor\u00eda experta, trato humano y sin estr\u00e9s.","potentialAction":[{"@type":"SearchAction","target":{"@type":"EntryPoint","urlTemplate":"https:\/\/spanishdreamproperties.com\/?s={search_term_string}"},"query-input":{"@type":"PropertyValueSpecification","valueRequired":true,"valueName":"search_term_string"}}],"inLanguage":"en-GB"}]}},"_links":{"self":[{"href":"https:\/\/spanishdreamproperties.com\/en\/wp-json\/wp\/v2\/pages\/10","targetHints":{"allow":["GET"]}}],"collection":[{"href":"https:\/\/spanishdreamproperties.com\/en\/wp-json\/wp\/v2\/pages"}],"about":[{"href":"https:\/\/spanishdreamproperties.com\/en\/wp-json\/wp\/v2\/types\/page"}],"author":[{"embeddable":true,"href":"https:\/\/spanishdreamproperties.com\/en\/wp-json\/wp\/v2\/users\/1"}],"replies":[{"embeddable":true,"href":"https:\/\/spanishdreamproperties.com\/en\/wp-json\/wp\/v2\/comments?post=10"}],"version-history":[{"count":5,"href":"https:\/\/spanishdreamproperties.com\/en\/wp-json\/wp\/v2\/pages\/10\/revisions"}],"predecessor-version":[{"id":473,"href":"https:\/\/spanishdreamproperties.com\/en\/wp-json\/wp\/v2\/pages\/10\/revisions\/473"}],"wp:attachment":[{"href":"https:\/\/spanishdreamproperties.com\/en\/wp-json\/wp\/v2\/media?parent=10"}],"curies":[{"name":"wp","href":"https:\/\/api.w.org\/{rel}","templated":true}]}}